{"id":3,"date":"2024-05-14T16:43:28","date_gmt":"2024-05-14T16:43:28","guid":{"rendered":"https:\/\/alfastandard.pt\/?page_id=3"},"modified":"2024-06-06T15:20:42","modified_gmt":"2024-06-06T14:20:42","slug":"privacy-policy","status":"publish","type":"page","link":"https:\/\/alfastandard.pt\/index.php\/privacy-policy\/","title":{"rendered":"Privacy Policy"},"content":{"rendered":"\n<p><strong>Pol\u00edtica Privacidade | <\/strong><\/p>\n\n\n\n<p>Esta Pol\u00edtica de Privacidade explica como recolhemos e tratamos os dados pessoais que s\u00e3o necess\u00e1rios para o fornecimento de servi\u00e7os que est\u00e3o dispon\u00edveis atrav\u00e9s do website, descrevendo as pr\u00e1ticas adotadas para esse efeito.<\/p>\n\n\n\n<p><strong>Quem somos | <\/strong><\/p>\n\n\n\n<p>A ALFASTANDARD \u2013 INVESTMENTS, UNIPESSOAL LDA. (adiante, Alfastandard), com sede na Rua Esteva Fernandes, N.\u00ba 14, Casais de Baixo 2050-360 AZAMBUJA e NIPC 515973181 \u00e9 a propriet\u00e1ria do dom\u00ednio www.alfastandard.pt, onde se encontra alojado o seu website.<\/p>\n\n\n\n<p>A Alfastandard, enquanto respons\u00e1vel pelo tratamento, est\u00e1 empenhada em proteger a privacidade e os dados pessoais dos seus clientes e utilizadores do website, pelo que, elaborou e adotou a presente pol\u00edtica de privacidade.<\/p>\n\n\n\n<p><strong>Como vamos utilizar os seus dados pessoais | <\/strong><\/p>\n\n\n\n<p>O tratamento de dados pessoais \u00e9 realizado de acordo com a legisla\u00e7\u00e3o aplic\u00e1vel e conforme as melhores pr\u00e1ticas. Os seus dados pessoais n\u00e3o ser\u00e3o reutilizados para outras finalidades que n\u00e3o sejam previamente identificadas ou que n\u00e3o tenham qualquer rela\u00e7\u00e3o com aquelas finalidades para as quais foram inicialmente recolhidos.<\/p>\n\n\n\n<p><strong>Como recolhemos os seus dados pessoais | <\/strong><\/p>\n\n\n\n<p>Vamos recolher os seus dados pessoais atrav\u00e9s dos formul\u00e1rios presentes no website, mas igualmente atrav\u00e9s do website e da comunica\u00e7\u00e3o que este faz com o seu equipamento e mensagens de e-mail que nos envia.<\/p>\n\n\n\n<p>Os seus dados pessoais s\u00e3o recolhidos atrav\u00e9s do seu equipamento da seguinte forma:<\/p>\n\n\n\n<p>(a) Atrav\u00e9s do seu navegador;<\/p>\n\n\n\n<p>(b) Atrav\u00e9s de cookies;<\/p>\n\n\n\n<p>(c) Atrav\u00e9s de pixel tags e outras tecnologias semelhantes;<\/p>\n\n\n\n<p>(d) Endere\u00e7o IP;<\/p>\n\n\n\n<p>(e) Atrav\u00e9s dos seus dados de Utilizador.<\/p>\n\n\n\n<p>A ALFASTANDARD assume o compromisso de tratar os seus dados conforme a lei e de forma leg\u00edtima. A ALFASTANDARD n\u00e3o ir\u00e1 vender, nem alugar ou partilhar os seus dados pessoais com terceiros, exceto nos casos claramente identificados nesta Pol\u00edtica de Privacidade.<\/p>\n\n\n\n<p><strong>Quais as finalidades, fundamentos e prazos de conserva\u00e7\u00e3o dos dados recolhidos?<\/strong><\/p>\n\n\n\n<p>Os dados pessoais que tratamos t\u00eam fundamentos espec\u00edficos, consoante as finalidades a que se destinam, e ser\u00e3o conservados pelo tempo necess\u00e1rio \u00e0s finalidades respetivas, conforme elencado nesta Pol\u00edtica de Privacidade<\/p>\n\n\n\n<p>Os dados pessoais recolhidos s\u00e3o apenas aqueles necess\u00e1rios e adequados \u00e0s finalidades indicadas.<\/p>\n\n\n\n<p>Para analisar e responder \u00e0s suas mensagens, apoio ao cliente e pedidos de informa\u00e7\u00e3o.<\/p>\n\n\n\n<p>Na tabela seguinte pode visualizar quais as finalidades de tratamento e dados recolhidos para as mesmas, os fundamentos respetivos e os prazos ou crit\u00e9rios de conserva\u00e7\u00e3o de dados:<\/p>\n\n\n\n<figure class=\"wp-block-table\"><table><tbody><tr><td><strong>Finalidade<\/strong><\/td><td><strong>Fundamento<\/strong><\/td><td><strong>Dados recolhidos<\/strong><\/td><td>P<strong>razo de conserva\u00e7\u00e3o<\/strong><\/td><\/tr><tr><td>&nbsp;<\/td><td>&nbsp;<\/td><td>&nbsp;<\/td><td>&nbsp;<\/td><\/tr><tr><td>Para analisar e responder \u00e0s suas mensagens, apoio ao cliente e pedidos de informa\u00e7\u00e3o.<\/td><td>Consentimento para essa finalidade espec\u00edfica<\/td><td>Nome, email, n\u00famero de telefone<\/td><td>1 ano<\/td><\/tr><tr><td>&nbsp;<\/td><td>&nbsp;<\/td><td>&nbsp;<\/td><td>&nbsp;<\/td><\/tr><tr><td>Para podermos enviar&nbsp;<em>newsletters<\/em>&nbsp;para que possa receber informa\u00e7\u00f5es mais recentes.<\/td><td>Consentimento para essa finalidade espec\u00edfica<\/td><td>Nome, Email<\/td><td>2 anos<\/td><\/tr><\/tbody><\/table><\/figure>\n\n\n\n<p><strong>Cookies | Cookies<\/strong><\/p>\n\n\n\n<p>Cookies s\u00e3o pequenos arquivos de informa\u00e7\u00f5es que ajudam a identificar o seu browser e que podem armazenar informa\u00e7\u00f5es, por exemplo, configura\u00e7\u00f5es e prefer\u00eancias do Utilizador.<\/p>\n\n\n\n<p>A ALFASTANDARD ir\u00e1 armazenar cookies no seu equipamento para personalizar e facilitar ao m\u00e1ximo a navega\u00e7\u00e3o, mas tamb\u00e9m, para a solu\u00e7\u00e3o de problemas, estat\u00edsticas, garantia de qualidade, e para monitorar a seguran\u00e7a do sistema.<\/p>\n\n\n\n<p>Com exce\u00e7\u00e3o dos cookies especificamente necess\u00e1rios ao desempenho do website, o armazenamento de outros cookies depender\u00e1 sempre da aceita\u00e7\u00e3o e consentimento do Utilizador, podendo esse consentimento ser retirado a todo o tempo atrav\u00e9s de ferramentas espec\u00edficas do browser.<\/p>\n\n\n\n<p><strong>Websites de terceiros | <\/strong><\/p>\n\n\n\n<p>O website poder\u00e1 conter liga\u00e7\u00f5es para outros websites os quais poder\u00e3o recolher tratar os seus dados pessoais e, esse tratamento \u00e9 da exclusiva responsabilidade dos propriet\u00e1rios desses websites, n\u00e3o tendo a ALFASTANDARD qualquer responsabilidade pelas suas pol\u00edticas e\/ou pr\u00e1ticas.<\/p>\n\n\n\n<p>Exemplo desses terceiros s\u00e3o o Facebook ou o Instagram, atrav\u00e9s dos bot\u00f5es que est\u00e3o presentes no WEBSITE.<\/p>\n\n\n\n<p><strong>Altera\u00e7\u00f5es \u00e0 pol\u00edtica de privacidade | <\/strong><\/p>\n\n\n\n<p>A ALFASTANDARD reserva-se no direito de reajustar ou alterar a presente Pol\u00edtica de Privacidade, a qualquer momento, sendo essas altera\u00e7\u00f5es publicitadas.<\/p>\n\n\n\n<p>Os nossos detalhes de contacto | Our contact details<\/p>\n\n\n\n<p>Caso tenha alguma d\u00favida ou quest\u00e3o relacionada com esta Pol\u00edtica de Privacidade por favor contacte-nos por escrito atrav\u00e9s do email info@alfastandard.pt .<\/p>\n\n\n\n<p>\u00daLTIMA VERS\u00c3O.<\/p>\n\n\n\n<p>01 de junho de 2024 Azambuja (Portugal).<\/p>\n","protected":false},"excerpt":{"rendered":"<p>Pol\u00edtica Privacidade | Esta Pol\u00edtica de Privacidade explica como recolhemos e tratamos os dados pessoais que s\u00e3o necess\u00e1rios para o fornecimento de servi\u00e7os que est\u00e3o dispon\u00edveis atrav\u00e9s do website, descrevendo as pr\u00e1ticas adotadas para esse efeito. Quem somos | A ALFASTANDARD \u2013 INVESTMENTS, UNIPESSOAL LDA. (adiante, Alfastandard), com sede na Rua Esteva Fernandes, N.\u00ba 14, Casais de Baixo 2050-360 AZAMBUJA e NIPC 515973181 \u00e9 a propriet\u00e1ria do dom\u00ednio www.alfastandard.pt, onde se encontra alojado o seu website. A Alfastandard, enquanto respons\u00e1vel pelo tratamento, est\u00e1 empenhada em proteger a privacidade e os dados pessoais dos seus clientes e utilizadores do website, pelo que, elaborou e adotou a presente pol\u00edtica de privacidade. Como vamos utilizar os seus dados pessoais | O tratamento de dados pessoais \u00e9 realizado de acordo com a legisla\u00e7\u00e3o aplic\u00e1vel e conforme as melhores pr\u00e1ticas. Os seus dados pessoais n\u00e3o ser\u00e3o reutilizados para outras finalidades que n\u00e3o sejam previamente identificadas ou que n\u00e3o tenham qualquer rela\u00e7\u00e3o com aquelas finalidades para as quais foram inicialmente recolhidos. Como recolhemos os seus dados pessoais | Vamos recolher os seus dados pessoais atrav\u00e9s dos formul\u00e1rios presentes no website, mas igualmente atrav\u00e9s do website e da comunica\u00e7\u00e3o que este faz com o seu equipamento e mensagens de e-mail que nos envia. Os seus dados pessoais s\u00e3o recolhidos atrav\u00e9s do seu equipamento da seguinte forma: (a) Atrav\u00e9s do seu navegador; (b) Atrav\u00e9s de cookies; (c) Atrav\u00e9s de pixel tags e outras tecnologias semelhantes; (d) Endere\u00e7o IP; (e) Atrav\u00e9s dos seus dados de Utilizador. A ALFASTANDARD assume o compromisso de tratar os seus dados conforme a lei e de forma leg\u00edtima. A ALFASTANDARD n\u00e3o ir\u00e1 vender, nem alugar ou partilhar os seus dados pessoais com terceiros, exceto nos casos claramente identificados nesta Pol\u00edtica de Privacidade. Quais as finalidades, fundamentos e prazos de conserva\u00e7\u00e3o dos dados recolhidos? Os dados pessoais que tratamos t\u00eam fundamentos espec\u00edficos, consoante as finalidades a que se destinam, e ser\u00e3o conservados pelo tempo necess\u00e1rio \u00e0s finalidades respetivas, conforme elencado nesta Pol\u00edtica de Privacidade Os dados pessoais recolhidos s\u00e3o apenas aqueles necess\u00e1rios e adequados \u00e0s finalidades indicadas. Para analisar e responder \u00e0s suas mensagens, apoio ao cliente e pedidos de informa\u00e7\u00e3o. Na tabela seguinte pode visualizar quais as finalidades de tratamento e dados recolhidos para as mesmas, os fundamentos respetivos e os prazos ou crit\u00e9rios de conserva\u00e7\u00e3o de dados: Finalidade Fundamento Dados recolhidos Prazo de conserva\u00e7\u00e3o &nbsp; &nbsp; &nbsp; &nbsp; Para analisar e responder \u00e0s suas mensagens, apoio ao cliente e pedidos de informa\u00e7\u00e3o. Consentimento para essa finalidade espec\u00edfica Nome, email, n\u00famero de telefone 1 ano &nbsp; &nbsp; &nbsp; &nbsp; Para podermos enviar&nbsp;newsletters&nbsp;para que possa receber informa\u00e7\u00f5es mais recentes. Consentimento para essa finalidade espec\u00edfica Nome, Email 2 anos Cookies | Cookies Cookies s\u00e3o pequenos arquivos de informa\u00e7\u00f5es que ajudam a identificar o seu browser e que podem armazenar informa\u00e7\u00f5es, por exemplo, configura\u00e7\u00f5es e prefer\u00eancias do Utilizador. A ALFASTANDARD ir\u00e1 armazenar cookies no seu equipamento para personalizar e facilitar ao m\u00e1ximo a navega\u00e7\u00e3o, mas tamb\u00e9m, para a solu\u00e7\u00e3o de problemas, estat\u00edsticas, garantia de qualidade, e para monitorar a seguran\u00e7a do sistema. Com exce\u00e7\u00e3o dos cookies especificamente necess\u00e1rios ao desempenho do website, o armazenamento de outros cookies depender\u00e1 sempre da aceita\u00e7\u00e3o e consentimento do Utilizador, podendo esse consentimento ser retirado a todo o tempo atrav\u00e9s de ferramentas espec\u00edficas do browser. Websites de terceiros | O website poder\u00e1 conter liga\u00e7\u00f5es para outros websites os quais poder\u00e3o recolher tratar os seus dados pessoais e, esse tratamento \u00e9 da exclusiva responsabilidade dos propriet\u00e1rios desses websites, n\u00e3o tendo a ALFASTANDARD qualquer responsabilidade pelas suas pol\u00edticas e\/ou pr\u00e1ticas. Exemplo desses terceiros s\u00e3o o Facebook ou o Instagram, atrav\u00e9s dos bot\u00f5es que est\u00e3o presentes no WEBSITE. Altera\u00e7\u00f5es \u00e0 pol\u00edtica de privacidade | A ALFASTANDARD reserva-se no direito de reajustar ou alterar a presente Pol\u00edtica de Privacidade, a qualquer momento, sendo essas altera\u00e7\u00f5es publicitadas. Os nossos detalhes de contacto | Our contact details Caso tenha alguma d\u00favida ou quest\u00e3o relacionada com esta Pol\u00edtica de Privacidade por favor contacte-nos por escrito atrav\u00e9s do email info@alfastandard.pt . \u00daLTIMA VERS\u00c3O. 01 de junho de 2024 Azambuja (Portugal).<\/p>\n","protected":false},"author":1,"featured_media":0,"parent":0,"menu_order":0,"comment_status":"closed","ping_status":"open","template":"","meta":{"footnotes":""},"class_list":["post-3","page","type-page","status-publish","hentry"],"_links":{"self":[{"href":"https:\/\/alfastandard.pt\/index.php\/wp-json\/wp\/v2\/pages\/3","targetHints":{"allow":["GET"]}}],"collection":[{"href":"https:\/\/alfastandard.pt\/index.php\/wp-json\/wp\/v2\/pages"}],"about":[{"href":"https:\/\/alfastandard.pt\/index.php\/wp-json\/wp\/v2\/types\/page"}],"author":[{"embeddable":true,"href":"https:\/\/alfastandard.pt\/index.php\/wp-json\/wp\/v2\/users\/1"}],"replies":[{"embeddable":true,"href":"https:\/\/alfastandard.pt\/index.php\/wp-json\/wp\/v2\/comments?post=3"}],"version-history":[{"count":4,"href":"https:\/\/alfastandard.pt\/index.php\/wp-json\/wp\/v2\/pages\/3\/revisions"}],"predecessor-version":[{"id":556,"href":"https:\/\/alfastandard.pt\/index.php\/wp-json\/wp\/v2\/pages\/3\/revisions\/556"}],"wp:attachment":[{"href":"https:\/\/alfastandard.pt\/index.php\/wp-json\/wp\/v2\/media?parent=3"}],"curies":[{"name":"wp","href":"https:\/\/api.w.org\/{rel}","templated":true}]}}